{"id":264,"date":"2025-04-09T01:44:52","date_gmt":"2025-04-09T01:44:52","guid":{"rendered":"https:\/\/condominioterrazas.cl\/home\/?page_id=264"},"modified":"2025-04-11T18:39:15","modified_gmt":"2025-04-11T18:39:15","slug":"administracion","status":"publish","type":"page","link":"https:\/\/condominioterrazas.cl\/home\/index.php\/administracion\/","title":{"rendered":"Administraci\u00f3n"},"content":{"rendered":"<p>La empresa <strong>Administraci\u00f3n Urbana<\/strong>, lleva 10 a\u00f1os administrando condominios en el sector de piedra roja, Chicureo. El medio de comunicaci\u00f3n oficial es el correo electr\u00f3nico <strong>administracion@condominioterrazas.cl<\/strong> &#8211; Este correo permite llevar la trazabilidad de los levantamientos y reclamos realizados por los residentes.<\/p>\n<p><strong>Los comprobantes de pagos tambi\u00e9n deben ser enviados a ese correo.<\/strong><\/p>\n<p><strong>Los datos de la cuenta corriente de cada condominio siguen siendo los mismos. No se han generado cambios en las cuentas bancarias.<\/strong><\/p>\n<ul>\n<li><strong>Correo de administraci\u00f3n:<\/strong> administracion@condominioterrazas.cl<\/li>\n<li><strong>SLA m\u00e1ximo de respuesta en correo anterior:<\/strong> 72 horas.<\/li>\n<li>Administrador del condominio:<\/li>\n<\/ul>\n<p><img loading=\"lazy\" decoding=\"async\" class=\"attachment-large size-large wp-image-1339 aligncenter\" src=\"https:\/\/canquen.cl\/wp-content\/uploads\/2020\/08\/Captura-de-Pantalla-2020-07-24-a-las-12.36.00.png\" sizes=\"auto, (max-width: 301px) 100vw, 301px\" srcset=\"https:\/\/canquen.cl\/wp-content\/uploads\/2020\/08\/Captura-de-Pantalla-2020-07-24-a-las-12.36.00.png 301w, https:\/\/canquen.cl\/wp-content\/uploads\/2020\/08\/Captura-de-Pantalla-2020-07-24-a-las-12.36.00-150x150.png 150w\" alt=\"\" width=\"301\" height=\"301\" \/><\/p>\n<p style=\"text-align: center;\"><em><strong>Juan Jos\u00e9 G\u00f3mez del Pino<\/strong><\/em><\/p>\n<p style=\"text-align: center;\">Correo: jgomez@aurbana.cl<\/p>\n<p style=\"text-align: center;\"><strong>Administrador<\/strong><\/p>\n<p>&nbsp;<\/p>\n","protected":false},"excerpt":{"rendered":"<p>La empresa Administraci\u00f3n Urbana, lleva 10 a\u00f1os administrando condominios en el sector de piedra roja,&#8230;<\/p>\n","protected":false},"author":1,"featured_media":265,"parent":0,"menu_order":0,"comment_status":"closed","ping_status":"closed","template":"","meta":{"footnotes":""},"class_list":["post-264","page","type-page","status-publish","has-post-thumbnail","hentry"],"_links":{"self":[{"href":"https:\/\/condominioterrazas.cl\/home\/index.php\/wp-json\/wp\/v2\/pages\/264","targetHints":{"allow":["GET"]}}],"collection":[{"href":"https:\/\/condominioterrazas.cl\/home\/index.php\/wp-json\/wp\/v2\/pages"}],"about":[{"href":"https:\/\/condominioterrazas.cl\/home\/index.php\/wp-json\/wp\/v2\/types\/page"}],"author":[{"embeddable":true,"href":"https:\/\/condominioterrazas.cl\/home\/index.php\/wp-json\/wp\/v2\/users\/1"}],"replies":[{"embeddable":true,"href":"https:\/\/condominioterrazas.cl\/home\/index.php\/wp-json\/wp\/v2\/comments?post=264"}],"version-history":[{"count":9,"href":"https:\/\/condominioterrazas.cl\/home\/index.php\/wp-json\/wp\/v2\/pages\/264\/revisions"}],"predecessor-version":[{"id":294,"href":"https:\/\/condominioterrazas.cl\/home\/index.php\/wp-json\/wp\/v2\/pages\/264\/revisions\/294"}],"wp:featuredmedia":[{"embeddable":true,"href":"https:\/\/condominioterrazas.cl\/home\/index.php\/wp-json\/wp\/v2\/media\/265"}],"wp:attachment":[{"href":"https:\/\/condominioterrazas.cl\/home\/index.php\/wp-json\/wp\/v2\/media?parent=264"}],"curies":[{"name":"wp","href":"https:\/\/api.w.org\/{rel}","templated":true}]}}